{"id":4845,"date":"2021-05-26T19:56:32","date_gmt":"2021-05-26T19:56:32","guid":{"rendered":"https:\/\/www.campifarma.com\/politica-de-cookies\/"},"modified":"2021-05-26T19:56:32","modified_gmt":"2021-05-26T19:56:32","slug":"politica-de-cookies","status":"publish","type":"page","link":"https:\/\/www.campifarma.com\/es\/politica-de-cookies\/","title":{"rendered":"Pol\u00edtica de cookies"},"content":{"rendered":"\t\t<div data-elementor-type=\"wp-page\" data-elementor-id=\"4845\" class=\"elementor elementor-4845 elementor-649\" data-elementor-post-type=\"page\">\n\t\t\t\t\t\t<section class=\"elementor-section elementor-top-section elementor-element elementor-element-6ff92116 elementor-section-boxed elementor-section-height-default elementor-section-height-default\" data-id=\"6ff92116\" data-element_type=\"section\">\n\t\t\t\t\t\t<div class=\"elementor-container elementor-column-gap-default\">\n\t\t\t\t\t<div class=\"elementor-column elementor-col-100 elementor-top-column elementor-element elementor-element-6fab7283\" data-id=\"6fab7283\" data-element_type=\"column\">\n\t\t\t<div class=\"elementor-widget-wrap elementor-element-populated\">\n\t\t\t\t\t\t<div class=\"elementor-element elementor-element-703a2d05 elementor-widget elementor-widget-text-editor\" data-id=\"703a2d05\" data-element_type=\"widget\" data-widget_type=\"text-editor.default\">\n\t\t\t\t<div class=\"elementor-widget-container\">\n\t\t\t\t\t\t\t\t\t<p>Este sitio web utiliza cookies. Usamos cookies para brindarles a nuestros visitantes una experiencia transparente y c\u00f3moda al navegar por nuestra p\u00e1gina. Al utilizar nuestro sitio web, consideramos que acepta el uso de cookies. Puede obtener m\u00e1s informaci\u00f3n sobre las cookies y c\u00f3mo cambiar su configuraci\u00f3n de navegaci\u00f3n en la Pol\u00edtica de Cookies.<\/p>\n<p>\u00bfQu\u00e9 son las cookies?<br \/>\nUna cookie es un peque\u00f1o archivo de texto que se descarga en su computadora o dispositivo m\u00f3vil al acceder a determinadas p\u00e1ginas web. Las cookies permiten a una p\u00e1gina web, entre otras cosas, almacenar y recuperar informaci\u00f3n sobre los h\u00e1bitos de navegaci\u00f3n de un usuario o de su equipo y, dependiendo de la informaci\u00f3n que contenga y de la forma en que utilice el equipo, se pueden utilizar para identificar al usuario la pr\u00f3xima vez que use el sitio web.<\/p>\n<p>\u00bfQu\u00e9 tipo de cookies utiliza esta p\u00e1gina?<br \/>\n\u2022 Cookies de an\u00e1lisis: Son aqu\u00e9llas que permiten cuantificar el n\u00famero de usuarios y comprender y analizar c\u00f3mo utilizan el sitio web. El an\u00e1lisis de la navegaci\u00f3n en nuestro sitio web nos permite mejorar nuestra oferta de productos y servicios.<br \/>\n\u2022 Cookies publicitarias: Son aqu\u00e9llas que permiten gestionar, de la forma m\u00e1s eficaz posible, los espacios publicitarios presentados en una p\u00e1gina web, adaptando el contenido del anuncio al contenido del servicio solicitado, o a la actuaci\u00f3n que se est\u00e9 realizando en el sitio web. . El an\u00e1lisis de los h\u00e1bitos de navegaci\u00f3n de los usuarios, nos permite mostrar publicidad seg\u00fan su perfil de navegaci\u00f3n.<\/p>\n<p>\u00bfC\u00f3mo podemos gestionar las cookies?<br \/>\nPuede permitir, bloquear o eliminar las cookies instaladas en su dispositivo mediante la configuraci\u00f3n de las opciones del buscador instalado en su equipo. Por ejemplo:<\/p>\n<p>GOOGLE CHROME<br \/>\nEn el men\u00fa de configuraci\u00f3n, seleccione &#8216;mostrar configuraci\u00f3n avanzada&#8217; en la parte inferior de la p\u00e1gina. Luego seleccione el bot\u00f3n &#8216;configuraci\u00f3n de contenido&#8217; en la secci\u00f3n de privacidad.<br \/>\nSe abrir\u00e1 una nueva ventana, cuya secci\u00f3n superior se refiere a las cookies. Aqu\u00ed puede guardar las Cookies que desee, as\u00ed como eliminar las cookies que est\u00e9n almacenadas en ese momento.<\/p>\n<p>MOZILLA FIREFOX<br \/>\nEn el men\u00fa de herramientas, seleccione \u00abPreferencias\u00bb y luego seleccione la etiqueta \u00abPrivacidad\u00bb.<br \/>\nEn el men\u00fa \u00abHistorial\u00bb, seleccione \u00abUsar configuraci\u00f3n personalizada para el historial\u00bb. Aqu\u00ed puede ver las opciones de cookies y elegir habilitar o deshabilitar, marcando las opciones correspondientes.<\/p>\n<p>EXPLORADOR DE INTERNET 6+<br \/>\nEn el men\u00fa de herramientas, seleccione &#8216;Opciones de Internet&#8217;. Luego, haga clic en la etiqueta \u00abPrivacidad\u00bb.<br \/>\nVer\u00e1s un cursor para configurar la privacidad, el cual tiene seis posiciones que te permiten controlar la cantidad de cookies que se instalar\u00e1n: Bloquear todas las cookies, Alta, Media Alta, Media (nivel predeterminado), Baja y Aceptar todas las cookies.<\/p>\n<p>NAVEGADOR SAFARI<br \/>\nEn el men\u00fa, seleccione la opci\u00f3n \u00abPreferencias\u00bb y luego la opci\u00f3n \u00abPrivacidad\u00bb.<br \/>\nAqu\u00ed puede seleccionar la opci\u00f3n &#8216;Bloquear cookies siempre&#8217;.<br \/>\nTenga en cuenta que ciertas funciones y la funcionalidad completa del sitio web pueden no estar disponibles despu\u00e9s de bloquear las cookies.<\/p>\n<p>\u00bfQui\u00e9n maneja la informaci\u00f3n recopilada a trav\u00e9s de las cookies en este sitio web?<br \/>\nLa informaci\u00f3n recopilada a trav\u00e9s de las cookies de seguimiento es an\u00f3nima, no est\u00e1 vinculada a datos personales y Campifarma, Lda no la compartir\u00e1 con terceros para uso independiente.<\/p>\n<p>Para obtener m\u00e1s informaci\u00f3n sobre las cookies y su uso, le sugerimos que consulte el siguiente enlace: www.allaboutcookies.org<\/p>\n\t\t\t\t\t\t\t\t<\/div>\n\t\t\t\t<\/div>\n\t\t\t\t\t<\/div>\n\t\t<\/div>\n\t\t\t\t\t<\/div>\n\t\t<\/section>\n\t\t\t\t<\/div>\n\t\t","protected":false},"excerpt":{"rendered":"<p>Este sitio web utiliza cookies. Usamos cookies para brindarles a nuestros visitantes una experiencia transparente y c\u00f3moda al navegar por nuestra p\u00e1gina. Al utilizar nuestro sitio web, consideramos que acepta el uso de cookies. Puede obtener m\u00e1s informaci\u00f3n sobre las cookies y c\u00f3mo cambiar su configuraci\u00f3n de navegaci\u00f3n en la Pol\u00edtica de Cookies. \u00bfQu\u00e9 son [&hellip;]<\/p>\n","protected":false},"author":1,"featured_media":0,"parent":0,"menu_order":43,"comment_status":"closed","ping_status":"closed","template":"","meta":{"_acf_changed":false,"footnotes":""},"class_list":["post-4845","page","type-page","status-publish","hentry"],"acf":[],"_links":{"self":[{"href":"https:\/\/www.campifarma.com\/es\/wp-json\/wp\/v2\/pages\/4845","targetHints":{"allow":["GET"]}}],"collection":[{"href":"https:\/\/www.campifarma.com\/es\/wp-json\/wp\/v2\/pages"}],"about":[{"href":"https:\/\/www.campifarma.com\/es\/wp-json\/wp\/v2\/types\/page"}],"author":[{"embeddable":true,"href":"https:\/\/www.campifarma.com\/es\/wp-json\/wp\/v2\/users\/1"}],"replies":[{"embeddable":true,"href":"https:\/\/www.campifarma.com\/es\/wp-json\/wp\/v2\/comments?post=4845"}],"version-history":[{"count":0,"href":"https:\/\/www.campifarma.com\/es\/wp-json\/wp\/v2\/pages\/4845\/revisions"}],"wp:attachment":[{"href":"https:\/\/www.campifarma.com\/es\/wp-json\/wp\/v2\/media?parent=4845"}],"curies":[{"name":"wp","href":"https:\/\/api.w.org\/{rel}","templated":true}]}}